{"id":17,"date":"2025-01-08T13:51:14","date_gmt":"2025-01-08T13:51:14","guid":{"rendered":"https:\/\/sodilogwp.live-website.com\/?page_id=17"},"modified":"2025-04-03T11:01:16","modified_gmt":"2025-04-03T11:01:16","slug":"logistique-et-oea","status":"publish","type":"page","link":"https:\/\/sodilog.com\/fr\/logistique-et-oea\/","title":{"rendered":"LOGISTIQUE ET OEA"},"content":{"rendered":"","protected":false},"excerpt":{"rendered":"","protected":false},"author":1,"featured_media":240,"parent":0,"menu_order":0,"comment_status":"closed","ping_status":"closed","template":"full-width","meta":{"saved_in_kubio":true,"footnotes":""},"class_list":["post-17","page","type-page","status-publish","has-post-thumbnail","hentry"],"kubio_ai_page_context":{"short_desc":"","purpose":"general"},"yoast_head":"<!-- This site is optimized with the Yoast SEO plugin v27.3 - https:\/\/yoast.com\/product\/yoast-seo-wordpress\/ -->\n<title>Logistique et D\u00e9douanement avec SODILOG<\/title>\n<meta name=\"description\" content=\"D\u00e9couvrez les services de logistique et de d\u00e9douanement OEA de SODILOG, avec une gestion optimale des importations, des d\u00e9douanements et une flexibilit\u00e9 accrue.\" \/>\n<meta name=\"robots\" content=\"index, follow, max-snippet:-1, max-image-preview:large, max-video-preview:-1\" \/>\n<link rel=\"canonical\" href=\"https:\/\/sodilog.com\/fr\/logistique-et-oea\/\" \/>\n<meta property=\"og:locale\" content=\"fr_FR\" \/>\n<meta property=\"og:type\" content=\"article\" \/>\n<meta property=\"og:title\" content=\"Logistique et D\u00e9douanement avec SODILOG\" \/>\n<meta property=\"og:description\" content=\"D\u00e9couvrez les services de logistique et de d\u00e9douanement OEA de SODILOG, avec une gestion optimale des importations, des d\u00e9douanements et une flexibilit\u00e9 accrue.\" \/>\n<meta property=\"og:url\" content=\"https:\/\/sodilog.com\/fr\/logistique-et-oea\/\" \/>\n<meta property=\"og:site_name\" content=\"SODILOG\" \/>\n<meta property=\"article:modified_time\" content=\"2025-04-03T11:01:16+00:00\" \/>\n<meta property=\"og:image\" content=\"https:\/\/sodilog.com\/wp-content\/uploads\/2025\/01\/logistique_oea-1.jpg\" \/>\n\t<meta property=\"og:image:width\" content=\"1903\" \/>\n\t<meta property=\"og:image:height\" content=\"1269\" \/>\n\t<meta property=\"og:image:type\" content=\"image\/jpeg\" \/>\n<meta name=\"twitter:card\" content=\"summary_large_image\" \/>\n<meta name=\"twitter:label1\" content=\"Dur\u00e9e de lecture estim\u00e9e\" \/>\n\t<meta name=\"twitter:data1\" content=\"1 minute\" \/>\n<script type=\"application\/ld+json\" class=\"yoast-schema-graph\">{\"@context\":\"https:\\\/\\\/schema.org\",\"@graph\":[{\"@type\":\"WebPage\",\"@id\":\"https:\\\/\\\/sodilog.com\\\/fr\\\/logistique-et-oea\\\/\",\"url\":\"https:\\\/\\\/sodilog.com\\\/fr\\\/logistique-et-oea\\\/\",\"name\":\"Logistique et D\u00e9douanement avec SODILOG\",\"isPartOf\":{\"@id\":\"https:\\\/\\\/sodilog.com\\\/fr\\\/#website\"},\"primaryImageOfPage\":{\"@id\":\"https:\\\/\\\/sodilog.com\\\/fr\\\/logistique-et-oea\\\/#primaryimage\"},\"image\":{\"@id\":\"https:\\\/\\\/sodilog.com\\\/fr\\\/logistique-et-oea\\\/#primaryimage\"},\"thumbnailUrl\":\"https:\\\/\\\/sodilog.com\\\/wp-content\\\/uploads\\\/2025\\\/01\\\/logistique_oea-1.jpg\",\"datePublished\":\"2025-01-08T13:51:14+00:00\",\"dateModified\":\"2025-04-03T11:01:16+00:00\",\"description\":\"D\u00e9couvrez les services de logistique et de d\u00e9douanement OEA de SODILOG, avec une gestion optimale des importations, des d\u00e9douanements et une flexibilit\u00e9 accrue.\",\"breadcrumb\":{\"@id\":\"https:\\\/\\\/sodilog.com\\\/fr\\\/logistique-et-oea\\\/#breadcrumb\"},\"inLanguage\":\"fr-FR\",\"potentialAction\":[{\"@type\":\"ReadAction\",\"target\":[\"https:\\\/\\\/sodilog.com\\\/fr\\\/logistique-et-oea\\\/\"]}]},{\"@type\":\"ImageObject\",\"inLanguage\":\"fr-FR\",\"@id\":\"https:\\\/\\\/sodilog.com\\\/fr\\\/logistique-et-oea\\\/#primaryimage\",\"url\":\"https:\\\/\\\/sodilog.com\\\/wp-content\\\/uploads\\\/2025\\\/01\\\/logistique_oea-1.jpg\",\"contentUrl\":\"https:\\\/\\\/sodilog.com\\\/wp-content\\\/uploads\\\/2025\\\/01\\\/logistique_oea-1.jpg\",\"width\":1903,\"height\":1269},{\"@type\":\"BreadcrumbList\",\"@id\":\"https:\\\/\\\/sodilog.com\\\/fr\\\/logistique-et-oea\\\/#breadcrumb\",\"itemListElement\":[{\"@type\":\"ListItem\",\"position\":1,\"name\":\"Accueil\",\"item\":\"https:\\\/\\\/sodilog.com\\\/\"},{\"@type\":\"ListItem\",\"position\":2,\"name\":\"LOGISTIQUE ET OEA\"}]},{\"@type\":\"WebSite\",\"@id\":\"https:\\\/\\\/sodilog.com\\\/fr\\\/#website\",\"url\":\"https:\\\/\\\/sodilog.com\\\/fr\\\/\",\"name\":\"SODILOG\",\"description\":\"Vendez votre produit... nous nous occupons du reste\",\"publisher\":{\"@id\":\"https:\\\/\\\/sodilog.com\\\/fr\\\/#organization\"},\"potentialAction\":[{\"@type\":\"SearchAction\",\"target\":{\"@type\":\"EntryPoint\",\"urlTemplate\":\"https:\\\/\\\/sodilog.com\\\/fr\\\/?s={search_term_string}\"},\"query-input\":{\"@type\":\"PropertyValueSpecification\",\"valueRequired\":true,\"valueName\":\"search_term_string\"}}],\"inLanguage\":\"fr-FR\"},{\"@type\":\"Organization\",\"@id\":\"https:\\\/\\\/sodilog.com\\\/fr\\\/#organization\",\"name\":\"Sodilog\",\"url\":\"https:\\\/\\\/sodilog.com\\\/fr\\\/\",\"logo\":{\"@type\":\"ImageObject\",\"inLanguage\":\"fr-FR\",\"@id\":\"https:\\\/\\\/sodilog.com\\\/fr\\\/#\\\/schema\\\/logo\\\/image\\\/\",\"url\":\"https:\\\/\\\/sodilog.com\\\/wp-content\\\/uploads\\\/2025\\\/02\\\/Sodilog_petit.png\",\"contentUrl\":\"https:\\\/\\\/sodilog.com\\\/wp-content\\\/uploads\\\/2025\\\/02\\\/Sodilog_petit.png\",\"width\":600,\"height\":230,\"caption\":\"Sodilog\"},\"image\":{\"@id\":\"https:\\\/\\\/sodilog.com\\\/fr\\\/#\\\/schema\\\/logo\\\/image\\\/\"},\"sameAs\":[\"https:\\\/\\\/www.linkedin.com\\\/company\\\/sodilog\\\/posts\\\/?feedView=all\"]}]}<\/script>\n<!-- \/ Yoast SEO plugin. -->","yoast_head_json":{"title":"Logistique et D\u00e9douanement avec SODILOG","description":"D\u00e9couvrez les services de logistique et de d\u00e9douanement OEA de SODILOG, avec une gestion optimale des importations, des d\u00e9douanements et une flexibilit\u00e9 accrue.","robots":{"index":"index","follow":"follow","max-snippet":"max-snippet:-1","max-image-preview":"max-image-preview:large","max-video-preview":"max-video-preview:-1"},"canonical":"https:\/\/sodilog.com\/fr\/logistique-et-oea\/","og_locale":"fr_FR","og_type":"article","og_title":"Logistique et D\u00e9douanement avec SODILOG","og_description":"D\u00e9couvrez les services de logistique et de d\u00e9douanement OEA de SODILOG, avec une gestion optimale des importations, des d\u00e9douanements et une flexibilit\u00e9 accrue.","og_url":"https:\/\/sodilog.com\/fr\/logistique-et-oea\/","og_site_name":"SODILOG","article_modified_time":"2025-04-03T11:01:16+00:00","og_image":[{"width":1903,"height":1269,"url":"https:\/\/sodilog.com\/wp-content\/uploads\/2025\/01\/logistique_oea-1.jpg","type":"image\/jpeg"}],"twitter_card":"summary_large_image","twitter_misc":{"Dur\u00e9e de lecture estim\u00e9e":"1 minute"},"schema":{"@context":"https:\/\/schema.org","@graph":[{"@type":"WebPage","@id":"https:\/\/sodilog.com\/fr\/logistique-et-oea\/","url":"https:\/\/sodilog.com\/fr\/logistique-et-oea\/","name":"Logistique et D\u00e9douanement avec SODILOG","isPartOf":{"@id":"https:\/\/sodilog.com\/fr\/#website"},"primaryImageOfPage":{"@id":"https:\/\/sodilog.com\/fr\/logistique-et-oea\/#primaryimage"},"image":{"@id":"https:\/\/sodilog.com\/fr\/logistique-et-oea\/#primaryimage"},"thumbnailUrl":"https:\/\/sodilog.com\/wp-content\/uploads\/2025\/01\/logistique_oea-1.jpg","datePublished":"2025-01-08T13:51:14+00:00","dateModified":"2025-04-03T11:01:16+00:00","description":"D\u00e9couvrez les services de logistique et de d\u00e9douanement OEA de SODILOG, avec une gestion optimale des importations, des d\u00e9douanements et une flexibilit\u00e9 accrue.","breadcrumb":{"@id":"https:\/\/sodilog.com\/fr\/logistique-et-oea\/#breadcrumb"},"inLanguage":"fr-FR","potentialAction":[{"@type":"ReadAction","target":["https:\/\/sodilog.com\/fr\/logistique-et-oea\/"]}]},{"@type":"ImageObject","inLanguage":"fr-FR","@id":"https:\/\/sodilog.com\/fr\/logistique-et-oea\/#primaryimage","url":"https:\/\/sodilog.com\/wp-content\/uploads\/2025\/01\/logistique_oea-1.jpg","contentUrl":"https:\/\/sodilog.com\/wp-content\/uploads\/2025\/01\/logistique_oea-1.jpg","width":1903,"height":1269},{"@type":"BreadcrumbList","@id":"https:\/\/sodilog.com\/fr\/logistique-et-oea\/#breadcrumb","itemListElement":[{"@type":"ListItem","position":1,"name":"Accueil","item":"https:\/\/sodilog.com\/"},{"@type":"ListItem","position":2,"name":"LOGISTIQUE ET OEA"}]},{"@type":"WebSite","@id":"https:\/\/sodilog.com\/fr\/#website","url":"https:\/\/sodilog.com\/fr\/","name":"SODILOG","description":"Vendez votre produit... nous nous occupons du reste","publisher":{"@id":"https:\/\/sodilog.com\/fr\/#organization"},"potentialAction":[{"@type":"SearchAction","target":{"@type":"EntryPoint","urlTemplate":"https:\/\/sodilog.com\/fr\/?s={search_term_string}"},"query-input":{"@type":"PropertyValueSpecification","valueRequired":true,"valueName":"search_term_string"}}],"inLanguage":"fr-FR"},{"@type":"Organization","@id":"https:\/\/sodilog.com\/fr\/#organization","name":"Sodilog","url":"https:\/\/sodilog.com\/fr\/","logo":{"@type":"ImageObject","inLanguage":"fr-FR","@id":"https:\/\/sodilog.com\/fr\/#\/schema\/logo\/image\/","url":"https:\/\/sodilog.com\/wp-content\/uploads\/2025\/02\/Sodilog_petit.png","contentUrl":"https:\/\/sodilog.com\/wp-content\/uploads\/2025\/02\/Sodilog_petit.png","width":600,"height":230,"caption":"Sodilog"},"image":{"@id":"https:\/\/sodilog.com\/fr\/#\/schema\/logo\/image\/"},"sameAs":["https:\/\/www.linkedin.com\/company\/sodilog\/posts\/?feedView=all"]}]}},"_links":{"self":[{"href":"https:\/\/sodilog.com\/fr\/wp-json\/wp\/v2\/pages\/17","targetHints":{"allow":["GET"]}}],"collection":[{"href":"https:\/\/sodilog.com\/fr\/wp-json\/wp\/v2\/pages"}],"about":[{"href":"https:\/\/sodilog.com\/fr\/wp-json\/wp\/v2\/types\/page"}],"author":[{"embeddable":true,"href":"https:\/\/sodilog.com\/fr\/wp-json\/wp\/v2\/users\/1"}],"replies":[{"embeddable":true,"href":"https:\/\/sodilog.com\/fr\/wp-json\/wp\/v2\/comments?post=17"}],"version-history":[{"count":4,"href":"https:\/\/sodilog.com\/fr\/wp-json\/wp\/v2\/pages\/17\/revisions"}],"predecessor-version":[{"id":175,"href":"https:\/\/sodilog.com\/fr\/wp-json\/wp\/v2\/pages\/17\/revisions\/175"}],"wp:featuredmedia":[{"embeddable":true,"href":"https:\/\/sodilog.com\/fr\/wp-json\/wp\/v2\/media\/240"}],"wp:attachment":[{"href":"https:\/\/sodilog.com\/fr\/wp-json\/wp\/v2\/media?parent=17"}],"curies":[{"name":"wp","href":"https:\/\/api.w.org\/{rel}","templated":true}]}}